{"id":600,"date":"2020-10-06T14:42:02","date_gmt":"2020-10-06T17:42:02","guid":{"rendered":"https:\/\/cbmai.cpqba.unicamp.br\/?page_id=600"},"modified":"2021-03-09T12:56:04","modified_gmt":"2021-03-09T15:56:04","slug":"acreditacao-iso-nbr-17-025-17","status":"publish","type":"page","link":"https:\/\/cbmai.cpqba.unicamp.br\/?page_id=600","title":{"rendered":"Acredita\u00e7\u00e3o ISO NBR 17.025\/17"},"content":{"rendered":"<p><img loading=\"lazy\" decoding=\"async\" class=\"size-medium wp-image-608 alignright\" src=\"https:\/\/cbmai.cpqba.unicamp.br\/wp-content\/uploads\/2020\/10\/LogoInmetro-182x300.png\" alt=\"\" width=\"182\" height=\"300\" srcset=\"https:\/\/cbmai.cpqba.unicamp.br\/wp-content\/uploads\/2020\/10\/LogoInmetro-182x300.png 182w, https:\/\/cbmai.cpqba.unicamp.br\/wp-content\/uploads\/2020\/10\/LogoInmetro.png 409w\" sizes=\"auto, (max-width: 182px) 100vw, 182px\" \/><\/p>\n<p>A Cole\u00e7\u00e3o Brasileira de Microrganismos de Ambiente e Ind\u00fastria \u2013 CBMAI, desenvolve suas atividades desde janeiro de 2002 junto ao Centro Pluridisciplinar de Pesquisas Qu\u00edmicas, Biol\u00f3gicas e Agr\u00edcolas &#8211; CPQBA, da Universidade Estadual de Campinas -Unicamp. Sua cria\u00e7\u00e3o objetivou o estabelecimento de um n\u00facleo de profissionais especializados para a estrutura\u00e7\u00e3o e manuten\u00e7\u00e3o de uma cole\u00e7\u00e3o de recursos gen\u00e9ticos microbianos, capaz de contribuir para a demanda de pesquisa em diversidade e sistem\u00e1tica, com presta\u00e7\u00e3o de servi\u00e7os ligados \u00e0 microbiologia ambiental e industrial do pa\u00eds.<\/p>\n<p>No ano de 2018, a CBMAI encaminhou sua solicita\u00e7\u00e3o de acredita\u00e7\u00e3o na norma ABNT NBR ISO\/IEC 17.025\/2017 junto ao INMETRO, focada nas a\u00e7\u00f5es necess\u00e1rias para atender as diretrizes do Sistema da Qualidade. A norma em quest\u00e3o estabelece requisitos gerais para a compet\u00eancia de laborat\u00f3rios de ensaio e calibra\u00e7\u00e3o, e foi elaborada para assegurar a qualidade do desempenho das atividades laboratoriais e a confiabilidade de seus resultados. Tudo isso envolve calibra\u00e7\u00e3o e manuten\u00e7\u00e3o de equipamentos, monitoramento do ambiente, valida\u00e7\u00e3o t\u00e9cnica de metodologias, al\u00e9m de uma equipe treinada e capacitada.<\/p>\n<p>Em 31 de janeiro de 2020, a CBMAI recebeu oficialmente a acredita\u00e7\u00e3o, sob o n\u00famero CRL 1478, a qual constitui a express\u00e3o formal do reconhecimento de sua compet\u00eancia para realizar atividades de 13 procedimentos t\u00e9cnicos em 2 ensaios referentes \u00e0 viabilidade e pureza e autentica\u00e7\u00e3o de culturas microbianas. Objetivando o compromisso constante com a qualidade de seus servi\u00e7os, a CBMAI e sua equipe de profissionais compromete-se em manter a acredita\u00e7\u00e3o alcan\u00e7ada e atender as pr\u00f3ximas avalia\u00e7\u00f5es.<\/p>\n<p>&nbsp;<\/p>","protected":false},"excerpt":{"rendered":"<p>A Cole\u00e7\u00e3o Brasileira de Microrganismos de Ambiente e Ind\u00fastria \u2013 CBMAI, desenvolve suas atividades desde janeiro de 2002 junto ao Centro Pluridisciplinar de Pesquisas Qu\u00edmicas, Biol\u00f3gicas e Agr\u00edcolas &#8211; CPQBA, da Universidade Estadual de Campinas -Unicamp. Sua cria\u00e7\u00e3o objetivou o estabelecimento de um n\u00facleo de profissionais especializados para a estrutura\u00e7\u00e3o e manuten\u00e7\u00e3o de uma cole\u00e7\u00e3o [&hellip;]<\/p>\n","protected":false},"author":4,"featured_media":0,"parent":0,"menu_order":0,"comment_status":"closed","ping_status":"closed","template":"fullwidth.php","meta":{"footnotes":""},"class_list":["post-600","page","type-page","status-publish","hentry"],"_links":{"self":[{"href":"https:\/\/cbmai.cpqba.unicamp.br\/index.php?rest_route=\/wp\/v2\/pages\/600","targetHints":{"allow":["GET"]}}],"collection":[{"href":"https:\/\/cbmai.cpqba.unicamp.br\/index.php?rest_route=\/wp\/v2\/pages"}],"about":[{"href":"https:\/\/cbmai.cpqba.unicamp.br\/index.php?rest_route=\/wp\/v2\/types\/page"}],"author":[{"embeddable":true,"href":"https:\/\/cbmai.cpqba.unicamp.br\/index.php?rest_route=\/wp\/v2\/users\/4"}],"replies":[{"embeddable":true,"href":"https:\/\/cbmai.cpqba.unicamp.br\/index.php?rest_route=%2Fwp%2Fv2%2Fcomments&post=600"}],"version-history":[{"count":0,"href":"https:\/\/cbmai.cpqba.unicamp.br\/index.php?rest_route=\/wp\/v2\/pages\/600\/revisions"}],"wp:attachment":[{"href":"https:\/\/cbmai.cpqba.unicamp.br\/index.php?rest_route=%2Fwp%2Fv2%2Fmedia&parent=600"}],"curies":[{"name":"wp","href":"https:\/\/api.w.org\/{rel}","templated":true}]}}