{"id":54,"date":"2018-06-18T00:16:40","date_gmt":"2018-06-18T00:16:40","guid":{"rendered":"https:\/\/cbmai.cpqba.unicamp.br\/?page_id=54"},"modified":"2025-05-06T18:07:17","modified_gmt":"2025-05-06T21:07:17","slug":"equipe-tecnica","status":"publish","type":"page","link":"https:\/\/cbmai.cpqba.unicamp.br\/?page_id=54","title":{"rendered":"Equipe t\u00e9cnica"},"content":{"rendered":"<div class=\"tmm tmm_equipe-tecnica\"><div class=\"tmm_2_columns tmm_wrap tmm_plugin_f\"><span class=\"tmm_two_containers_tablet\"><\/span><div class=\"tmm_container\"><div class=\"tmm_member\" style=\"border-top:#333333 solid 5px;\"><div class=\"tmm_photo tmm_pic_equipe-tecnica_0\" style=\"background: url(https:\/\/cbmai.cpqba.unicamp.br\/wp-content\/uploads\/2018\/09\/Milena.jpg); margin-left: auto; margin-right:auto; background-size:cover !important;\"><\/div><div class=\"tmm_textblock\"><div class=\"tmm_names\"><span class=\"tmm_fname\">Milena Binatti Ferreira<\/span> <\/div><div class=\"tmm_desc\" style=\"text-align:center\"><p>Farmac\u00eautica (USF\/Campinas). Mestra em Ci\u00eancias, na \u00e1rea de F\u00e1rmacos, Medicamentos e Insumos para a Sa\u00fade, pela Faculdade de Ci\u00eancias Farmac\u00eauticas da Universidade Estadual de Campinas.<\/p><\/div><div class=\"tmm_scblock\"><a target=\"_blank\" class=\"tmm_sociallink\" href=\"http:\/\/lattes.cnpq.br\/3357435313458419\" title=\"http:\/\/lattes.cnpq.br\/3357435313458419\"><img decoding=\"async\" alt=\"http:\/\/lattes.cnpq.br\/3357435313458419\" src=\"https:\/\/cbmai.cpqba.unicamp.br\/wp-content\/plugins\/team-members\/inc\/img\/links\/customlink.png\"\/><\/a><\/div><\/div><\/div><div class=\"tmm_member\" style=\"border-top:#333333 solid 5px;\"><div class=\"tmm_photo tmm_pic_equipe-tecnica_1\" style=\"background: url(https:\/\/cbmai.cpqba.unicamp.br\/wp-content\/uploads\/2018\/09\/Vivi_site.jpg); margin-left: auto; margin-right:auto; background-size:cover !important;\"><\/div><div class=\"tmm_textblock\"><div class=\"tmm_names\"><span class=\"tmm_fname\">Viviane Piccin dos Santos<\/span> <\/div><div class=\"tmm_desc\" style=\"text-align:center\">Bi\u00f3loga, Mestre em Biologia Vegetal (ESALQ-USP \/Piracicaba). Biologista CBMAI\/DRM.<\/div><div class=\"tmm_scblock\"><a target=\"_blank\" class=\"tmm_sociallink\" href=\"http:\/\/lattes.cnpq.br\/6831172453913436\" title=\"http:\/\/lattes.cnpq.br\/6831172453913436\"><img decoding=\"async\" alt=\"http:\/\/lattes.cnpq.br\/6831172453913436\" src=\"https:\/\/cbmai.cpqba.unicamp.br\/wp-content\/plugins\/team-members\/inc\/img\/links\/customlink.png\"\/><\/a><\/div><\/div><\/div><div style=\"clear:both;\"><\/div><\/div><\/div><\/div>\n","protected":false},"excerpt":{"rendered":"","protected":false},"author":4,"featured_media":0,"parent":0,"menu_order":0,"comment_status":"closed","ping_status":"closed","template":"fullwidth.php","meta":{"footnotes":""},"class_list":["post-54","page","type-page","status-publish","hentry"],"_links":{"self":[{"href":"https:\/\/cbmai.cpqba.unicamp.br\/index.php?rest_route=\/wp\/v2\/pages\/54","targetHints":{"allow":["GET"]}}],"collection":[{"href":"https:\/\/cbmai.cpqba.unicamp.br\/index.php?rest_route=\/wp\/v2\/pages"}],"about":[{"href":"https:\/\/cbmai.cpqba.unicamp.br\/index.php?rest_route=\/wp\/v2\/types\/page"}],"author":[{"embeddable":true,"href":"https:\/\/cbmai.cpqba.unicamp.br\/index.php?rest_route=\/wp\/v2\/users\/4"}],"replies":[{"embeddable":true,"href":"https:\/\/cbmai.cpqba.unicamp.br\/index.php?rest_route=%2Fwp%2Fv2%2Fcomments&post=54"}],"version-history":[{"count":2,"href":"https:\/\/cbmai.cpqba.unicamp.br\/index.php?rest_route=\/wp\/v2\/pages\/54\/revisions"}],"predecessor-version":[{"id":794,"href":"https:\/\/cbmai.cpqba.unicamp.br\/index.php?rest_route=\/wp\/v2\/pages\/54\/revisions\/794"}],"wp:attachment":[{"href":"https:\/\/cbmai.cpqba.unicamp.br\/index.php?rest_route=%2Fwp%2Fv2%2Fmedia&parent=54"}],"curies":[{"name":"wp","href":"https:\/\/api.w.org\/{rel}","templated":true}]}}