{"id":48,"date":"2018-06-18T00:15:18","date_gmt":"2018-06-18T00:15:18","guid":{"rendered":"https:\/\/cbmai.cpqba.unicamp.br\/?page_id=48"},"modified":"2025-05-06T17:56:31","modified_gmt":"2025-05-06T20:56:31","slug":"sobre-a-cbmai","status":"publish","type":"page","link":"https:\/\/cbmai.cpqba.unicamp.br\/?page_id=48","title":{"rendered":"Sobre a CBMAI"},"content":{"rendered":"<p><img decoding=\"async\" class=\"alignleft size-full wp-image-420\" src=\"https:\/\/cbmai.cpqba.unicamp.br\/wp-content\/uploads\/2018\/09\/sobre.jpg\" alt=\"\" \/><\/p>\n<p>A Cole\u00e7\u00e3o Brasileira de Microrganismos de Ambiente e Ind\u00fastria &#8211; CBMAI, foi criada em janeiro de 2002 no Centro Pluridisciplinar de Pesquisas Qu\u00edmicas, Biol\u00f3gicas e Agr\u00edcolas (CPQBA\/UNICAMP), com apoio da Universidade Estadual de Campinas (UNICAMP), Funda\u00e7\u00e3o de Amparo \u00e0 Pesquisa do Estado de S\u00e3o Paulo (FAPESP), Minist\u00e9rio da Ci\u00eancia e Tecnologia (MCT) e Financiadora de Estudos e Projetos (FINEP).<\/p>\n<p>A CBMAI \u00e9 uma cole\u00e7\u00e3o de servi\u00e7os que tem como pol\u00edtica \u201cRealizar suas atividades laboratoriais na \u00e1rea de microbiologia ambiental e industrial, enquanto CRB, melhorando continuamente os processos, atendendo a regulamenta\u00e7\u00e3o vigente, a NBR ISO\/IEC 17025 e as Diretrizes de Boas Pr\u00e1ticas para CRB da OCDE, visando a satisfa\u00e7\u00e3o dos clientes por meio do comprometimento da alta dire\u00e7\u00e3o e de todos os seus colaboradores com esta pol\u00edtica, e com os objetivos da qualidade\u201d.<\/p>\n<p>A Cole\u00e7\u00e3o \u00e9 dedicada \u00e0 preserva\u00e7\u00e3o, armazenamento e distribui\u00e7\u00e3o de <span style=\"font-weight: 400;\">microrganismo<\/span> e informa\u00e7\u00e3o associada, bem como \u00e0 caracteriza\u00e7\u00e3o e identifica\u00e7\u00e3o taxon\u00f4mica contribuindo, assim, para o desenvolvimento cient\u00edfico, tecnol\u00f3gico e industrial do pa\u00eds. A CBMAI atende institui\u00e7\u00f5es de pesquisa, ensino, ind\u00fastria e governo, tamb\u00e9m oferecendo assessoria e consultoria t\u00e9cnico cient\u00edfica, treinamento e desenvolvimento de projetos de pesquisa.<\/p>\n<p>A equipe de profissionais e colaboradores associados \u00e0 CBMAI tem qualifica\u00e7\u00e3o em microbiologia, preserva\u00e7\u00e3o e sistem\u00e1tica de bact\u00e9rias e fungos, com experi\u00eancia em taxonomia polif\u00e1sica, filogenia e aplica\u00e7\u00e3o de m\u00e9todos independentes de cultivo para a caracteriza\u00e7\u00e3o da diversidade microbiana de amostras ambientais (ex. \u00e1gua, solos, petr\u00f3leo), mat\u00e9rias-primas e produtos industrializados. A CBMAI \u00e9 acreditada na norma NBR ISO\/IEC 17025:2017 desde 2020. Trata-se do reconhecimento oficial de sua compet\u00eancia para realizar 13 procedimentos t\u00e9cnicos em 2 ensaios relacionados \u00e0 viabilidade e pureza e Identifica\u00e7\u00e3o\/autentica\u00e7\u00e3o de linhagens microbianas cultivadas.<\/p>\n<p>A CBMAI est\u00e1 lotada na Divis\u00e3o de Recursos Microbianos (DRM) do CPQBA\/UNICAMP, localizado em Paul\u00ednia (SP).<\/p>\n<p style=\"font-weight: bold;\">Consulte abaixo os links de institui\u00e7\u00f5es com as quais a CBMAI encontra-se alinhada:<\/p>\n<p><a href=\"https:\/\/site.cpqba.unicamp.br\/\">https:\/\/site.cpqba.unicamp.br\/<\/a><br \/>\n<a href=\"https:\/\/prp.unicamp.br\/etica-em-pesquisa\/patgen\/comissao\/apresentacao\/\">https:\/\/prp.unicamp.br\/etica-em-pesquisa\/patgen\/comissao\/apresentacao\/<\/a><br \/>\n<a href=\"http:\/\/splink.cria.org.br\/manager\/detail?setlang=pt&amp;resource=CBMAI\" target=\"_blank\" rel=\"noopener noreferrer\">http:\/\/splink.cria.org.br\/manager\/detail?setlang=pt&amp;resource=CBMAI<\/a><br \/>\n<a href=\"http:\/\/www.wfcc.info\/\" target=\"_blank\" rel=\"noopener noreferrer\">http:\/\/www.wfcc.info\/<\/a><br \/>\n<a href=\"https:\/\/felacc.cinvestav.mx\/\">https:\/\/felacc.cinvestav.mx\/<\/a><br \/>\n<a href=\"https:\/\/riimico.org\/pt\/a-rede\/\">https:\/\/riimico.org\/pt\/a-rede\/<\/a><\/p>","protected":false},"excerpt":{"rendered":"<p>A Cole\u00e7\u00e3o Brasileira de Microrganismos de Ambiente e Ind\u00fastria &#8211; CBMAI, foi criada em janeiro de 2002 no Centro Pluridisciplinar de Pesquisas Qu\u00edmicas, Biol\u00f3gicas e Agr\u00edcolas (CPQBA\/UNICAMP), com apoio da Universidade Estadual de Campinas (UNICAMP), Funda\u00e7\u00e3o de Amparo \u00e0 Pesquisa do Estado de S\u00e3o Paulo (FAPESP), Minist\u00e9rio da Ci\u00eancia e Tecnologia (MCT) e Financiadora de [&hellip;]<\/p>\n","protected":false},"author":4,"featured_media":0,"parent":0,"menu_order":0,"comment_status":"closed","ping_status":"closed","template":"fullwidth.php","meta":{"footnotes":""},"class_list":["post-48","page","type-page","status-publish","hentry"],"_links":{"self":[{"href":"https:\/\/cbmai.cpqba.unicamp.br\/index.php?rest_route=\/wp\/v2\/pages\/48","targetHints":{"allow":["GET"]}}],"collection":[{"href":"https:\/\/cbmai.cpqba.unicamp.br\/index.php?rest_route=\/wp\/v2\/pages"}],"about":[{"href":"https:\/\/cbmai.cpqba.unicamp.br\/index.php?rest_route=\/wp\/v2\/types\/page"}],"author":[{"embeddable":true,"href":"https:\/\/cbmai.cpqba.unicamp.br\/index.php?rest_route=\/wp\/v2\/users\/4"}],"replies":[{"embeddable":true,"href":"https:\/\/cbmai.cpqba.unicamp.br\/index.php?rest_route=%2Fwp%2Fv2%2Fcomments&post=48"}],"version-history":[{"count":4,"href":"https:\/\/cbmai.cpqba.unicamp.br\/index.php?rest_route=\/wp\/v2\/pages\/48\/revisions"}],"predecessor-version":[{"id":790,"href":"https:\/\/cbmai.cpqba.unicamp.br\/index.php?rest_route=\/wp\/v2\/pages\/48\/revisions\/790"}],"wp:attachment":[{"href":"https:\/\/cbmai.cpqba.unicamp.br\/index.php?rest_route=%2Fwp%2Fv2%2Fmedia&parent=48"}],"curies":[{"name":"wp","href":"https:\/\/api.w.org\/{rel}","templated":true}]}}