{"id":365,"date":"2018-09-08T22:31:17","date_gmt":"2018-09-08T22:31:17","guid":{"rendered":"https:\/\/cbmai.cpqba.unicamp.br\/?page_id=365"},"modified":"2025-05-07T14:03:57","modified_gmt":"2025-05-07T17:03:57","slug":"analise-de-comunidade-microbiana","status":"publish","type":"page","link":"https:\/\/cbmai.cpqba.unicamp.br\/?page_id=365","title":{"rendered":"An\u00e1lise de comunidade microbiana"},"content":{"rendered":"<p><img decoding=\"async\" class=\"alignright wp-image-266\" style=\"margin-bottom: 100px;\" src=\"https:\/\/cbmai.cpqba.unicamp.br\/wp-content\/uploads\/2018\/07\/4.jpg\" alt=\"\" width=\"15%\" srcset=\"https:\/\/cbmai.cpqba.unicamp.br\/wp-content\/uploads\/2018\/07\/4.jpg 694w, https:\/\/cbmai.cpqba.unicamp.br\/wp-content\/uploads\/2018\/07\/4-125x300.jpg 125w, https:\/\/cbmai.cpqba.unicamp.br\/wp-content\/uploads\/2018\/07\/4-428x1024.jpg 428w\" sizes=\"(max-width: 694px) 100vw, 694px\" \/><\/p>\n<p>M\u00e9todos independentes de cultivo s\u00e3o utilizados para a caracteriza\u00e7\u00e3o da diversidade microbiana em amostras mistas derivadas de processos industriais ou de ambientes naturais.<\/p>\n<p>Esta abordagem inclui a caracteriza\u00e7\u00e3o da composi\u00e7\u00e3o da microbiota mediante a extra\u00e7\u00e3o do DNA gen\u00f4mico total diretamente a partir da amostra e amplifica\u00e7\u00e3o de gene marcador (RNA ribossomal 16S para bact\u00e9rias e regi\u00e3o ITS \u2013 Internal Transcribed Spacer para fungos). Os amplicons s\u00e3o submetidos ao sequenciamento em larga escala e a compara\u00e7\u00e3o das sequ\u00eancias obtidas com bases de dados permite identificar os g\u00eaneros presentes e caracterizar a composi\u00e7\u00e3o microbiana da amostra.<\/p>\n<p>&nbsp;<\/p>\n<div style=\"display: flex; align-items: center; width: 80%; justify-content: center; margin: 12px auto; max-width: 1000px;\"><img decoding=\"async\" style=\"border-radius: 10px; box-shadow: 2px 2px 10px rgba(0,0,0,0.3); margin: 0 auto;\" src=\"https:\/\/cbmai.cpqba.unicamp.br\/wp-content\/uploads\/2025\/05\/combinado-analise-comunidade-scaled.jpg\" alt=\"Laborat\u00f3rio de microbiologia\" \/><\/div>\n<p><\/p>","protected":false},"excerpt":{"rendered":"<p>M\u00e9todos independentes de cultivo s\u00e3o utilizados para a caracteriza\u00e7\u00e3o da diversidade microbiana em amostras mistas derivadas de processos industriais ou de ambientes naturais. Esta abordagem inclui a caracteriza\u00e7\u00e3o da composi\u00e7\u00e3o da microbiota mediante a extra\u00e7\u00e3o do DNA gen\u00f4mico total diretamente a partir da amostra e amplifica\u00e7\u00e3o de gene marcador (RNA ribossomal 16S para bact\u00e9rias e [&hellip;]<\/p>\n","protected":false},"author":4,"featured_media":0,"parent":0,"menu_order":0,"comment_status":"closed","ping_status":"closed","template":"fullwidth.php","meta":{"footnotes":""},"class_list":["post-365","page","type-page","status-publish","hentry"],"_links":{"self":[{"href":"https:\/\/cbmai.cpqba.unicamp.br\/index.php?rest_route=\/wp\/v2\/pages\/365","targetHints":{"allow":["GET"]}}],"collection":[{"href":"https:\/\/cbmai.cpqba.unicamp.br\/index.php?rest_route=\/wp\/v2\/pages"}],"about":[{"href":"https:\/\/cbmai.cpqba.unicamp.br\/index.php?rest_route=\/wp\/v2\/types\/page"}],"author":[{"embeddable":true,"href":"https:\/\/cbmai.cpqba.unicamp.br\/index.php?rest_route=\/wp\/v2\/users\/4"}],"replies":[{"embeddable":true,"href":"https:\/\/cbmai.cpqba.unicamp.br\/index.php?rest_route=%2Fwp%2Fv2%2Fcomments&post=365"}],"version-history":[{"count":12,"href":"https:\/\/cbmai.cpqba.unicamp.br\/index.php?rest_route=\/wp\/v2\/pages\/365\/revisions"}],"predecessor-version":[{"id":811,"href":"https:\/\/cbmai.cpqba.unicamp.br\/index.php?rest_route=\/wp\/v2\/pages\/365\/revisions\/811"}],"wp:attachment":[{"href":"https:\/\/cbmai.cpqba.unicamp.br\/index.php?rest_route=%2Fwp%2Fv2%2Fmedia&parent=365"}],"curies":[{"name":"wp","href":"https:\/\/api.w.org\/{rel}","templated":true}]}}