{"id":185,"date":"2018-07-21T02:18:34","date_gmt":"2018-07-21T02:18:34","guid":{"rendered":"https:\/\/cbmai.cpqba.unicamp.br\/?page_id=185"},"modified":"2025-05-15T15:28:11","modified_gmt":"2025-05-15T18:28:11","slug":"distribuicao-de-culturas","status":"publish","type":"page","link":"https:\/\/cbmai.cpqba.unicamp.br\/?page_id=185","title":{"rendered":"Distribui\u00e7\u00e3o de Culturas"},"content":{"rendered":"<p>A CBMAI fornece linhagens microbianas para institui\u00e7\u00f5es p\u00fablicas e privadas que possuem infraestrutura e pessoal especializado para manipula\u00e7\u00e3o de <span style=\"font-weight: 400;\">microrganismo<\/span>. Por raz\u00f5es de seguran\u00e7a e sa\u00fade p\u00fablica, as linhagens n\u00e3o podem ser enviadas para endere\u00e7os particulares.<\/p>\n<p>Em casos espec\u00edficos de linhagens de risco biol\u00f3gico 2, a solicita\u00e7\u00e3o dever\u00e1 incluir uma breve explana\u00e7\u00e3o da utiliza\u00e7\u00e3o pretendida para o material solicitado, assinada pelo solicitante e\/ou profissional qualificado e autorizado a manipular a linhagem requerida, al\u00e9m do \u201cTermo de concord\u00e2ncia do cliente para grupo de risco 2 (TCC)\u201d assumindo os riscos e responsabilidades associadas ao recebimento, manipula\u00e7\u00e3o, armazenamento e uso dos <span style=\"font-weight: 400;\">microrganismo<\/span>\/material em quest\u00e3o. Ademais, a CBMAI verificar\u00e1 se o solicitante se adequa \u00e0s normas necess\u00e1rias para receber e manipular o <span style=\"font-weight: 400;\">microrganismo<\/span> de risco biol\u00f3gico 2. O envio da cultura O envio da cultura dever\u00e1 ser feito por meio de courier, em embalagem apropriada, e os custos ser\u00e3o arcados pelo solicitante. A linhagem, poder\u00e1 tamb\u00e9m, ser retirada pessoalmente pelo solicitante.<\/p>\n<div style=\"border: 1px solid #cccccc; background-image: url('https:\/\/cbmai.cpqba.unicamp.br\/wp-content\/uploads\/2025\/05\/Combinado1.jpg'); background-size: 100% 100%; height: 25vw; width: 50vw; margin-bottom: 0px; text-align: center; margin: 0px auto;\"><\/div>\n<p style=\"text-align: center; text-size: 10pt; margin-top: 0px;\">Fonte: Autoria pr\u00f3pria<\/p>\n<p>O envio de linhagens de organismos geneticamente modificados (OGMs) no pa\u00eds \u00e9 realizado apenas para laborat\u00f3rios credenciados pela CTNBio, adequados \u00e0 classifica\u00e7\u00e3o do material. Neste caso, o n\u00famero do Certificado de Qualidade em Biosseguran\u00e7a \u2013 CQB do laborat\u00f3rio dever\u00e1 ser informado na solicita\u00e7\u00e3o do material.<\/p>\n<p>As culturas (linhagens) CBMAI ser\u00e3o distribu\u00eddas na forma de ampolas liofilizadas, ou alternativamente, na forma de repique ativo. A CBMAI n\u00e3o se responsabiliza por danos a linhagem ap\u00f3s 1 m\u00eas do envio.<\/p>\n<p>A aquisi\u00e7\u00e3o de culturas CBMAI dispon\u00edveis ao acesso p\u00fablico s\u00f3 poder\u00e1 ser efetivada ap\u00f3s assinatura do Contrato de Servi\u00e7o, bem como do TTM. No caso da cultura pertencer ao grupo de risco 2, o termo de concord\u00e2ncia do cliente \u2013 TCC, tamb\u00e9m dever\u00e1 ser assinado.<\/p>\n<blockquote><p>Para adquirir uma linhagem CBMAI, favor entrar em contato pelos e-mails <a href=\"mailto:derlene@cpqba.unicamp.br\">derlene@cpqba.unicamp.br<\/a> ou <a href=\"mailto:cbmai@cpqba.unicamp.br\">cbmai@cpqba.unicamp.br<\/a>).<\/p><\/blockquote>\n<p><\/p>","protected":false},"excerpt":{"rendered":"<p>A CBMAI fornece linhagens microbianas para institui\u00e7\u00f5es p\u00fablicas e privadas que possuem infraestrutura e pessoal especializado para manipula\u00e7\u00e3o de microrganismo. Por raz\u00f5es de seguran\u00e7a e sa\u00fade p\u00fablica, as linhagens n\u00e3o podem ser enviadas para endere\u00e7os particulares. Em casos espec\u00edficos de linhagens de risco biol\u00f3gico 2, a solicita\u00e7\u00e3o dever\u00e1 incluir uma breve explana\u00e7\u00e3o da utiliza\u00e7\u00e3o pretendida [&hellip;]<\/p>\n","protected":false},"author":4,"featured_media":0,"parent":0,"menu_order":0,"comment_status":"closed","ping_status":"closed","template":"fullwidth.php","meta":{"footnotes":""},"class_list":["post-185","page","type-page","status-publish","hentry"],"_links":{"self":[{"href":"https:\/\/cbmai.cpqba.unicamp.br\/index.php?rest_route=\/wp\/v2\/pages\/185","targetHints":{"allow":["GET"]}}],"collection":[{"href":"https:\/\/cbmai.cpqba.unicamp.br\/index.php?rest_route=\/wp\/v2\/pages"}],"about":[{"href":"https:\/\/cbmai.cpqba.unicamp.br\/index.php?rest_route=\/wp\/v2\/types\/page"}],"author":[{"embeddable":true,"href":"https:\/\/cbmai.cpqba.unicamp.br\/index.php?rest_route=\/wp\/v2\/users\/4"}],"replies":[{"embeddable":true,"href":"https:\/\/cbmai.cpqba.unicamp.br\/index.php?rest_route=%2Fwp%2Fv2%2Fcomments&post=185"}],"version-history":[{"count":11,"href":"https:\/\/cbmai.cpqba.unicamp.br\/index.php?rest_route=\/wp\/v2\/pages\/185\/revisions"}],"predecessor-version":[{"id":835,"href":"https:\/\/cbmai.cpqba.unicamp.br\/index.php?rest_route=\/wp\/v2\/pages\/185\/revisions\/835"}],"wp:attachment":[{"href":"https:\/\/cbmai.cpqba.unicamp.br\/index.php?rest_route=%2Fwp%2Fv2%2Fmedia&parent=185"}],"curies":[{"name":"wp","href":"https:\/\/api.w.org\/{rel}","templated":true}]}}